{"id":67,"date":"2019-12-04T16:33:41","date_gmt":"2019-12-04T16:33:41","guid":{"rendered":"http:\/\/ferienwohnung-vaas.de\/?page_id=67"},"modified":"2019-12-05T17:50:50","modified_gmt":"2019-12-05T17:50:50","slug":"anreise","status":"publish","type":"page","link":"https:\/\/ferienwohnung-vaas.de\/?page_id=67","title":{"rendered":"Anreise"},"content":{"rendered":"\n<p>Ferienwohnung Vaas<br>Schwendreuterstr. 6, Herzogsreut<br>94146 Hinterschmiding<\/p>\n\n\n\n<p><a href=\"https:\/\/www.google.com\/maps\/place\/Schwendreuter+Str.+6,+94146+Hinterschmiding\/\">Google Maps<\/a><\/p>\n\n\n\n<h1 class=\"wp-block-heading\">Mit dem Auto<\/h1>\n\n\n\n<p>Autobahn Regensburg-Passau A3<\/p>\n\n\n\n<p>Ausfahrt Aicha v. Walde, B12 Richtung Freyung, an Freyung vorbei, nach ca. 4 km Abfahrt nach Hinterschmiding, durch Hinterschmiding durchfahren in Richtung Herzogsreut.<\/p>\n\n\n\n<p>Erste Stra\u00dfe nach dem Ortsschild rechts einbiegen, in die Schwendreuterstra\u00dfe.<br>Nach ca. 100 m sind sie vor dem Haus Nr. 6 und haben ihr Ziel erreicht.<br><\/p>\n\n\n\n<h1 class=\"wp-block-heading\">Mit der Bahn<\/h1>\n\n\n\n<p>Fahren Sie mit der <a href=\"http:\/\/www.bahn.de\/p\/view\/index.shtml\">Bahn<\/a> bis \u201ePassau Hbf.\u201c <\/p>\n\n\n\n<p>Von hier nehmen Sie den Bus in Richtung Freyung bzw. M\u00fchldorfer Haidm\u00fchle. (\u201eSkilift Abw., Hinterschmiding-Herzogsreut\u201c)<br>Dieser Bus f\u00e4hrt mehrmals t\u00e4glich. Falls Sie umsteigen m\u00fcssen, gibt es leider eine lange Wartezeit in Freyung.<\/p>\n\n\n\n<p>Samstags und sonntags gibt es die M\u00f6glichkeit direkt nach Freyung zu fahren.<\/p>\n\n\n\n<p><\/p>\n\n\n<p><!--EndFragment--><\/p>","protected":false},"excerpt":{"rendered":"<p>Ferienwohnung VaasSchwendreuterstr. 6, Herzogsreut94146 Hinterschmiding Google Maps Mit dem Auto Autobahn Regensburg-Passau A3 Ausfahrt Aicha v. Walde, B12 Richtung Freyung, an Freyung vorbei, nach ca. 4 km Abfahrt nach Hinterschmiding, durch Hinterschmiding durchfahren in Richtung Herzogsreut. Erste Stra\u00dfe nach dem Ortsschild rechts einbiegen, in die Schwendreuterstra\u00dfe.Nach ca. 100 m sind sie vor dem Haus Nr. [&hellip;]<\/p>\n","protected":false},"author":1,"featured_media":0,"parent":0,"menu_order":0,"comment_status":"closed","ping_status":"closed","template":"","meta":{"footnotes":""},"class_list":["post-67","page","type-page","status-publish","hentry"],"_links":{"self":[{"href":"https:\/\/ferienwohnung-vaas.de\/index.php?rest_route=\/wp\/v2\/pages\/67","targetHints":{"allow":["GET"]}}],"collection":[{"href":"https:\/\/ferienwohnung-vaas.de\/index.php?rest_route=\/wp\/v2\/pages"}],"about":[{"href":"https:\/\/ferienwohnung-vaas.de\/index.php?rest_route=\/wp\/v2\/types\/page"}],"author":[{"embeddable":true,"href":"https:\/\/ferienwohnung-vaas.de\/index.php?rest_route=\/wp\/v2\/users\/1"}],"replies":[{"embeddable":true,"href":"https:\/\/ferienwohnung-vaas.de\/index.php?rest_route=%2Fwp%2Fv2%2Fcomments&post=67"}],"version-history":[{"count":4,"href":"https:\/\/ferienwohnung-vaas.de\/index.php?rest_route=\/wp\/v2\/pages\/67\/revisions"}],"predecessor-version":[{"id":143,"href":"https:\/\/ferienwohnung-vaas.de\/index.php?rest_route=\/wp\/v2\/pages\/67\/revisions\/143"}],"wp:attachment":[{"href":"https:\/\/ferienwohnung-vaas.de\/index.php?rest_route=%2Fwp%2Fv2%2Fmedia&parent=67"}],"curies":[{"name":"wp","href":"https:\/\/api.w.org\/{rel}","templated":true}]}}