{"id":69,"date":"2019-12-04T16:33:48","date_gmt":"2019-12-04T16:33:48","guid":{"rendered":"http:\/\/ferienwohnung-vaas.de\/?page_id=69"},"modified":"2019-12-11T20:10:14","modified_gmt":"2019-12-11T20:10:14","slug":"die-umgebung","status":"publish","type":"page","link":"https:\/\/ferienwohnung-vaas.de\/?page_id=69","title":{"rendered":"Die Umgebung"},"content":{"rendered":"\n<p>\n\nDer idyllische Ort Herzogsreut geh\u00f6rt zu der Gemeinde Hinterschmiding im Landkreis Freyung-Grafenau und liegt gleich neben dem Nationalpark Bayerischer Wald.<\/p>\n\n\n\n<p>In der Ferienwohnung sind zahlreiche Prospekte mit Ausflugszielen, die Sie ausprobieren k\u00f6nnen. Falls Sie sich jetzt schon informieren wollen, finden Sie weitergehende Infos unter &#8222;Links&#8220;. <br>Die Bushaltestelle erreichen Sie in wenigen Minuten. <\/p>\n\n\n\n<h1 class=\"wp-block-heading\">Wandern<\/h1>\n\n\n\n<figure class=\"wp-block-image size-large is-style-default\"><img loading=\"lazy\" decoding=\"async\" width=\"1024\" height=\"767\" src=\"http:\/\/ferienwohnung-vaas.de\/wp-content\/uploads\/2019\/12\/DJI_0170-1024x767.jpg\" alt=\"\" class=\"wp-image-116\" srcset=\"https:\/\/ferienwohnung-vaas.de\/wp-content\/uploads\/2019\/12\/DJI_0170-1024x767.jpg 1024w, https:\/\/ferienwohnung-vaas.de\/wp-content\/uploads\/2019\/12\/DJI_0170-300x225.jpg 300w, https:\/\/ferienwohnung-vaas.de\/wp-content\/uploads\/2019\/12\/DJI_0170-768x576.jpg 768w, https:\/\/ferienwohnung-vaas.de\/wp-content\/uploads\/2019\/12\/DJI_0170-1536x1151.jpg 1536w, https:\/\/ferienwohnung-vaas.de\/wp-content\/uploads\/2019\/12\/DJI_0170-2048x1535.jpg 2048w\" sizes=\"auto, (max-width: 1024px) 100vw, 1024px\" \/><\/figure>\n\n\n\n<p>Direkt vor der Haust\u00fcr sowie im Nationalpark Bayerischer Wald k\u00f6nnen ausgiebige Wanderungen in nahezu unber\u00fchrter Natur gemacht werden. Ausfl\u00fcge nach Tschechien oder \u00d6sterreich sind von Herzogsreut aus ebenso m\u00f6glich.<\/p>\n\n\n\n<p>Und im Winter k\u00f6nnen Schneeschuhe in der Touristeninformation in Hinterschmiding ausgeliehen und ausgiebige Winter-Wanderungen gemacht werden.<\/p>\n\n\n\n<h1 class=\"wp-block-heading\">Radfahren<\/h1>\n\n\n\n<p>Mountainbiker haben hier ein lang verzweigtes Netz von Wegen, die jedes Bikerherz h\u00f6her schlagen lassen. F\u00fcr nicht so ge\u00fcbte k\u00f6nnen in Hinterschmiding kosteng\u00fcnstig E-Bikes gemietet werden.<\/p>\n\n\n\n<h1 class=\"wp-block-heading\">Ski- und Snowboardfahren<\/h1>\n\n\n\n<div class=\"wp-block-image\"><figure class=\"alignright size-medium is-resized\"><a href=\"https:\/\/ferienwohnung-vaas.de\/wp-content\/uploads\/2019\/12\/ab986067d3.jpg\"><img loading=\"lazy\" decoding=\"async\" src=\"https:\/\/ferienwohnung-vaas.de\/wp-content\/uploads\/2019\/12\/ab986067d3-300x203.jpg\" alt=\"\" class=\"wp-image-35\" width=\"244\" height=\"165\" srcset=\"https:\/\/ferienwohnung-vaas.de\/wp-content\/uploads\/2019\/12\/ab986067d3-300x203.jpg 300w, https:\/\/ferienwohnung-vaas.de\/wp-content\/uploads\/2019\/12\/ab986067d3-768x520.jpg 768w, https:\/\/ferienwohnung-vaas.de\/wp-content\/uploads\/2019\/12\/ab986067d3.jpg 800w\" sizes=\"auto, (max-width: 244px) 100vw, 244px\" \/><\/a><\/figure><\/div>\n\n\n\n<p>In unmittelbarer N\u00e4he von Hinterschmiding (720 m \u00fc. M.) gibt es unterschiedliche Skigebiete. Im Ort ist ein Schlepplift, der teilwei\u00dfe mit Flutlicht betrieben wird. Wenige Kilometer entfernt ist das Skigebiet Mitterdorf. Und wer sich in einem gro\u00dfen Skigebiet austoben m\u00f6chte, kommt beim Gro\u00dfen Arber oder in Hochficht auf seine Kosten.&nbsp;<\/p>\n\n\n\n<p> N\u00e4here Informationen finden Sie unter: <\/p>\n\n\n\n<ul class=\"wp-block-list\"><li><a href=\"http:\/\/www.mitterdorf.info\/schneebericht.html\">Skigebiet Mitterdorf<\/a><\/li><li><a href=\"http:\/\/www.arber.de\/winter\/wintersport.html\">Gro\u00dfer Arber<\/a><\/li><li><a href=\"http:\/\/www.hochficht.at\/de\/winter\">Hochficht<\/a><\/li><\/ul>\n\n\n\n<h1 class=\"wp-block-heading\">Langlauf<\/h1>\n\n\n\n<p>Direkt vor dem Haus befindet sich ein Langlaufloipeneinstieg f\u00fcr die insgesamt 30,5 km maschinell gespurte Loipe. Es gibt sechs Touren mit unterschiedlichen Schwierigkeitsgraden.<\/p>\n\n\n\n<p>N\u00e4here Informationen finden Sie unter:<\/p>\n\n\n\n<ul class=\"wp-block-list\"><li><a href=\"http:\/\/www.skigebiete-test.de\/langlauf\/hinterschmiding-herzogsreut.html\">Skiegebiet-test Hinterschmiding<\/a><\/li><li><a href=\"http:\/\/www.hinterschmiding-tourismus.de\/aktiv\/wintersport\/langlaufen-und-skatingloipe\/langlaufen-und-skatingloipe.html\">Hinterschmiding Tourismus<\/a><\/li><\/ul>\n\n\n\n<figure class=\"wp-block-gallery columns-2 is-cropped wp-block-gallery-1 is-layout-flex wp-block-gallery-is-layout-flex\"><ul class=\"blocks-gallery-grid\"><li class=\"blocks-gallery-item\"><figure><a href=\"http:\/\/ferienwohnung-vaas.de\/wp-content\/uploads\/2019\/12\/3bfe0993c3.jpg\"><img loading=\"lazy\" decoding=\"async\" width=\"800\" height=\"600\" src=\"http:\/\/ferienwohnung-vaas.de\/wp-content\/uploads\/2019\/12\/3bfe0993c3.jpg\" alt=\"\" data-id=\"8\" data-full-url=\"http:\/\/ferienwohnung-vaas.de\/wp-content\/uploads\/2019\/12\/3bfe0993c3.jpg\" data-link=\"http:\/\/ferienwohnung-vaas.de\/?attachment_id=8\" class=\"wp-image-8\" srcset=\"https:\/\/ferienwohnung-vaas.de\/wp-content\/uploads\/2019\/12\/3bfe0993c3.jpg 800w, https:\/\/ferienwohnung-vaas.de\/wp-content\/uploads\/2019\/12\/3bfe0993c3-300x225.jpg 300w, https:\/\/ferienwohnung-vaas.de\/wp-content\/uploads\/2019\/12\/3bfe0993c3-768x576.jpg 768w\" sizes=\"auto, (max-width: 800px) 100vw, 800px\" \/><\/a><\/figure><\/li><li class=\"blocks-gallery-item\"><figure><a href=\"http:\/\/ferienwohnung-vaas.de\/wp-content\/uploads\/2019\/12\/589b42a4d7.jpg\"><img loading=\"lazy\" decoding=\"async\" width=\"450\" height=\"600\" src=\"http:\/\/ferienwohnung-vaas.de\/wp-content\/uploads\/2019\/12\/589b42a4d7.jpg\" alt=\"\" data-id=\"22\" data-full-url=\"http:\/\/ferienwohnung-vaas.de\/wp-content\/uploads\/2019\/12\/589b42a4d7.jpg\" data-link=\"http:\/\/ferienwohnung-vaas.de\/?attachment_id=22\" class=\"wp-image-22\" srcset=\"https:\/\/ferienwohnung-vaas.de\/wp-content\/uploads\/2019\/12\/589b42a4d7.jpg 450w, https:\/\/ferienwohnung-vaas.de\/wp-content\/uploads\/2019\/12\/589b42a4d7-225x300.jpg 225w\" sizes=\"auto, (max-width: 450px) 100vw, 450px\" \/><\/a><\/figure><\/li><\/ul><\/figure>\n\n\n\n<h1 class=\"wp-block-heading\">Weitere Freizeitm\u00f6glichkeiten in der Umgebung<\/h1>\n\n\n\n<p>Weitere Freizeitm\u00f6glichkeiten in der Umgebung:<br>Casino, Drachenfliegen, Radfahren, Mountainbiken, Reiten, Schwimmen, Squash, Tennis, Minigolf, Kanufahren, Kegeln, Meerwasserschwimmbad, Kutschfahrten, Sommer-Rodelbahn, Westernstadt Pullman City, Freib\u00e4der oder Naturseen uvm.<\/p>\n\n\n<p><!--EndFragment--><\/p>","protected":false},"excerpt":{"rendered":"<p>Der idyllische Ort Herzogsreut geh\u00f6rt zu der Gemeinde Hinterschmiding im Landkreis Freyung-Grafenau und liegt gleich neben dem Nationalpark Bayerischer Wald. In der Ferienwohnung sind zahlreiche Prospekte mit Ausflugszielen, die Sie ausprobieren k\u00f6nnen. Falls Sie sich jetzt schon informieren wollen, finden Sie weitergehende Infos unter &#8222;Links&#8220;. Die Bushaltestelle erreichen Sie in wenigen Minuten. Wandern Direkt vor [&hellip;]<\/p>\n","protected":false},"author":1,"featured_media":0,"parent":0,"menu_order":0,"comment_status":"closed","ping_status":"closed","template":"","meta":{"footnotes":""},"class_list":["post-69","page","type-page","status-publish","hentry"],"_links":{"self":[{"href":"https:\/\/ferienwohnung-vaas.de\/index.php?rest_route=\/wp\/v2\/pages\/69","targetHints":{"allow":["GET"]}}],"collection":[{"href":"https:\/\/ferienwohnung-vaas.de\/index.php?rest_route=\/wp\/v2\/pages"}],"about":[{"href":"https:\/\/ferienwohnung-vaas.de\/index.php?rest_route=\/wp\/v2\/types\/page"}],"author":[{"embeddable":true,"href":"https:\/\/ferienwohnung-vaas.de\/index.php?rest_route=\/wp\/v2\/users\/1"}],"replies":[{"embeddable":true,"href":"https:\/\/ferienwohnung-vaas.de\/index.php?rest_route=%2Fwp%2Fv2%2Fcomments&post=69"}],"version-history":[{"count":8,"href":"https:\/\/ferienwohnung-vaas.de\/index.php?rest_route=\/wp\/v2\/pages\/69\/revisions"}],"predecessor-version":[{"id":148,"href":"https:\/\/ferienwohnung-vaas.de\/index.php?rest_route=\/wp\/v2\/pages\/69\/revisions\/148"}],"wp:attachment":[{"href":"https:\/\/ferienwohnung-vaas.de\/index.php?rest_route=%2Fwp%2Fv2%2Fmedia&parent=69"}],"curies":[{"name":"wp","href":"https:\/\/api.w.org\/{rel}","templated":true}]}}