{"id":80,"date":"2019-12-04T16:31:50","date_gmt":"2019-12-04T16:31:50","guid":{"rendered":"http:\/\/ferienwohnung-vaas.de\/?page_id=80"},"modified":"2019-12-04T17:56:07","modified_gmt":"2019-12-04T17:56:07","slug":"herzlich-willkommen","status":"publish","type":"page","link":"https:\/\/ferienwohnung-vaas.de\/","title":{"rendered":"Herzlich Willkommen"},"content":{"rendered":"\n<div id=\"metaslider-id-125\" style=\"width: 100%;\" class=\"ml-slider-3-108-0 metaslider metaslider-flex metaslider-125 ml-slider has-dots-nav ms-theme-default\" role=\"region\" aria-label=\"New Slideshow\" data-height=\"300\" data-width=\"700\">\n    <div id=\"metaslider_container_125\">\n        <div id=\"metaslider_125\">\n            <ul class='slides'>\n                <li style=\"display: block; width: 100%;\" class=\"slide-126 ms-image \" aria-roledescription=\"slide\" data-date=\"2019-12-04 17:45:40\" data-filename=\"70cb66bbc9-1-300x128.jpg\" data-slide-type=\"image\"><img loading=\"lazy\" decoding=\"async\" src=\"https:\/\/ferienwohnung-vaas.de\/wp-content\/uploads\/2019\/12\/70cb66bbc9-1-300x128.jpg\" height=\"300\" width=\"700\" alt=\"Front Ansicht\" class=\"slider-125 slide-126 msDefaultImage\" title=\"Front Ansicht\" \/><\/li>\n                <li style=\"display: none; width: 100%;\" class=\"slide-127 ms-image \" aria-roledescription=\"slide\" data-date=\"2019-12-04 17:45:45\" data-filename=\"c7378ab6f9-700x300.jpg\" data-slide-type=\"image\"><img loading=\"lazy\" decoding=\"async\" src=\"https:\/\/ferienwohnung-vaas.de\/wp-content\/uploads\/2019\/12\/c7378ab6f9-700x300.jpg\" height=\"300\" width=\"700\" alt=\"Terrasse\" class=\"slider-125 slide-127 msDefaultImage\" title=\"Terrasse\" \/><\/li>\n                <li style=\"display: none; width: 100%;\" class=\"slide-169 ms-image \" aria-roledescription=\"slide\" data-date=\"2020-07-27 11:56:51\" data-filename=\"IMG_20200628_105844-scaled-700x300.jpg\" data-slide-type=\"image\"><img loading=\"lazy\" decoding=\"async\" src=\"https:\/\/ferienwohnung-vaas.de\/wp-content\/uploads\/2020\/07\/IMG_20200628_105844-scaled-700x300.jpg\" height=\"300\" width=\"700\" alt=\"Wohnzimmer\" class=\"slider-125 slide-169 msDefaultImage\" title=\"Wohnzimmer\" \/><\/li>\n            <\/ul>\n        <\/div>\n        \n    <\/div>\n<\/div>\n\n\n\n<p>Entspannen Sie in unserer gem\u00fctlichen Ferienwohnung im idyllischen Herzogsreut. Auf der gro\u00dfen Terrasse oder der sonnigen Liegewiese k\u00f6nnen Sie Ihrem stressigen Alltag entkommen und den unverbauten Blick auf die Natur genie\u00dfen. Ein erholsamer Urlaub im Bayerischen Wald ist hier quasi sichergestellt. Im Winter kommen alle Schneehungrigen auf ihre Kosten.<br>Die gut ausgestattete Ferienwohnung hat 57 qm sowie eine gro\u00dfe Terrasse mit selbstgebauter Holzgarnitur. Direkt vor dem Haus befindet sich ein Pkw-Stellplatz.  <\/p>\n","protected":false},"excerpt":{"rendered":"<p>Entspannen Sie in unserer gem\u00fctlichen Ferienwohnung im idyllischen Herzogsreut. Auf der gro\u00dfen Terrasse oder der sonnigen Liegewiese k\u00f6nnen Sie Ihrem stressigen Alltag entkommen und den unverbauten Blick auf die Natur genie\u00dfen. Ein erholsamer Urlaub im Bayerischen Wald ist hier quasi sichergestellt. Im Winter kommen alle Schneehungrigen auf ihre Kosten.Die gut ausgestattete Ferienwohnung hat 57 qm [&hellip;]<\/p>\n","protected":false},"author":1,"featured_media":0,"parent":0,"menu_order":0,"comment_status":"closed","ping_status":"closed","template":"template-full-width.php","meta":{"footnotes":""},"class_list":["post-80","page","type-page","status-publish","hentry"],"_links":{"self":[{"href":"https:\/\/ferienwohnung-vaas.de\/index.php?rest_route=\/wp\/v2\/pages\/80","targetHints":{"allow":["GET"]}}],"collection":[{"href":"https:\/\/ferienwohnung-vaas.de\/index.php?rest_route=\/wp\/v2\/pages"}],"about":[{"href":"https:\/\/ferienwohnung-vaas.de\/index.php?rest_route=\/wp\/v2\/types\/page"}],"author":[{"embeddable":true,"href":"https:\/\/ferienwohnung-vaas.de\/index.php?rest_route=\/wp\/v2\/users\/1"}],"replies":[{"embeddable":true,"href":"https:\/\/ferienwohnung-vaas.de\/index.php?rest_route=%2Fwp%2Fv2%2Fcomments&post=80"}],"version-history":[{"count":11,"href":"https:\/\/ferienwohnung-vaas.de\/index.php?rest_route=\/wp\/v2\/pages\/80\/revisions"}],"predecessor-version":[{"id":168,"href":"https:\/\/ferienwohnung-vaas.de\/index.php?rest_route=\/wp\/v2\/pages\/80\/revisions\/168"}],"wp:attachment":[{"href":"https:\/\/ferienwohnung-vaas.de\/index.php?rest_route=%2Fwp%2Fv2%2Fmedia&parent=80"}],"curies":[{"name":"wp","href":"https:\/\/api.w.org\/{rel}","templated":true}]}}